{"id":2763,"date":"2026-02-09T20:41:32","date_gmt":"2026-02-09T19:41:32","guid":{"rendered":"https:\/\/www.ariniz.com\/?page_id=2763"},"modified":"2026-02-13T08:29:47","modified_gmt":"2026-02-13T07:29:47","slug":"quai-des-bulles","status":"publish","type":"page","link":"https:\/\/www.ariniz.com\/en\/tourisme\/quai-des-bulles\/","title":{"rendered":"Quai des Bulles"},"content":{"rendered":"<div data-elementor-type=\"wp-page\" data-elementor-id=\"2763\" class=\"elementor elementor-2763\" data-elementor-post-type=\"page\">\n\t\t\t\t<div class=\"elementor-element elementor-element-5ff64761 e-flex e-con-boxed e-con e-parent\" data-id=\"5ff64761\" data-element_type=\"container\" data-e-type=\"container\" data-settings=\"{&quot;background_background&quot;:&quot;classic&quot;}\">\n\t\t\t\t\t<div class=\"e-con-inner\">\n\t\t<div class=\"elementor-element elementor-element-5d16ee6 e-con-full e-flex e-con e-child\" data-id=\"5d16ee6\" data-element_type=\"container\" data-e-type=\"container\">\n\t\t\t\t<div class=\"elementor-element elementor-element-76773433 elementor-widget elementor-widget-text-editor\" data-id=\"76773433\" data-element_type=\"widget\" data-e-type=\"widget\" data-widget_type=\"text-editor.default\">\n\t\t\t\t<div class=\"elementor-widget-container\">\n\t\t\t\t\t\t\t\t\t<p>Quai des Bulles<\/p>\t\t\t\t\t\t\t\t<\/div>\n\t\t\t\t<\/div>\n\t\t\t\t<div class=\"elementor-element elementor-element-785c8a2e elementor-widget elementor-widget-heading\" data-id=\"785c8a2e\" data-element_type=\"widget\" data-e-type=\"widget\" data-widget_type=\"heading.default\">\n\t\t\t\t<div class=\"elementor-widget-container\">\n\t\t\t\t\t<h1 class=\"elementor-heading-title elementor-size-default\">Quai des Bulles in Saint-Malo\n<\/h1>\t\t\t\t<\/div>\n\t\t\t\t<\/div>\n\t\t\t\t<div class=\"elementor-element elementor-element-24206be2 hero-arrow elementor-view-default elementor-widget elementor-widget-icon\" data-id=\"24206be2\" data-element_type=\"widget\" data-e-type=\"widget\" data-widget_type=\"icon.default\">\n\t\t\t\t<div class=\"elementor-widget-container\">\n\t\t\t\t\t\t\t<div class=\"elementor-icon-wrapper\">\n\t\t\t<a class=\"elementor-icon\" href=\"#introduction\">\n\t\t\t<svg xmlns=\"http:\/\/www.w3.org\/2000\/svg\" width=\"15\" height=\"8\" viewbox=\"0 0 15 8\" fill=\"none\"><path d=\"M0.5 0.5L7.02174 7.02174L13.5435 0.5\" stroke=\"white\" stroke-linecap=\"round\"><\/path><\/svg>\t\t\t<\/a>\n\t\t<\/div>\n\t\t\t\t\t\t<\/div>\n\t\t\t\t<\/div>\n\t\t\t\t<\/div>\n\t\t\t\t\t<\/div>\n\t\t\t\t<\/div>\n\t\t<div class=\"elementor-element elementor-element-358c1808 restauration-section_rotisserie global-anim_img-upwards e-flex e-con-boxed e-con e-parent\" data-id=\"358c1808\" data-element_type=\"container\" data-e-type=\"container\" id=\"introduction\">\n\t\t\t\t\t<div class=\"e-con-inner\">\n\t\t<div class=\"elementor-element elementor-element-e990107 e-con-full e-flex e-con e-child\" data-id=\"e990107\" data-element_type=\"container\" data-e-type=\"container\">\n\t\t<div class=\"elementor-element elementor-element-2a8bda2b e-con-full e-flex e-con e-child\" data-id=\"2a8bda2b\" data-element_type=\"container\" data-e-type=\"container\">\n\t\t\t\t<div class=\"elementor-element elementor-element-652b762c elementor-widget elementor-widget-heading\" data-id=\"652b762c\" data-element_type=\"widget\" data-e-type=\"widget\" data-widget_type=\"heading.default\">\n\t\t\t\t<div class=\"elementor-widget-container\">\n\t\t\t\t\t<h2 class=\"elementor-heading-title elementor-size-default\">Quai des Bulles<\/h2>\t\t\t\t<\/div>\n\t\t\t\t<\/div>\n\t\t\t\t<div class=\"elementor-element elementor-element-6658289d elementor-widget elementor-widget-heading\" data-id=\"6658289d\" data-element_type=\"widget\" data-e-type=\"widget\" data-widget_type=\"heading.default\">\n\t\t\t\t<div class=\"elementor-widget-container\">\n\t\t\t\t\t<span class=\"elementor-heading-title elementor-size-default\">In comics<\/span>\t\t\t\t<\/div>\n\t\t\t\t<\/div>\n\t\t\t\t<\/div>\n\t\t\t\t<div class=\"elementor-element elementor-element-f0fb372 elementor-widget-divider--view-line elementor-widget elementor-widget-divider\" data-id=\"f0fb372\" data-element_type=\"widget\" data-e-type=\"widget\" data-widget_type=\"divider.default\">\n\t\t\t\t<div class=\"elementor-widget-container\">\n\t\t\t\t\t\t\t<div class=\"elementor-divider\">\n\t\t\t<span class=\"elementor-divider-separator\">\n\t\t\t\t\t\t<\/span>\n\t\t<\/div>\n\t\t\t\t\t\t<\/div>\n\t\t\t\t<\/div>\n\t\t\t\t<div class=\"elementor-element elementor-element-399aad36 global-content-width elementor-widget elementor-widget-text-editor\" data-id=\"399aad36\" data-element_type=\"widget\" data-e-type=\"widget\" data-widget_type=\"text-editor.default\">\n\t\t\t\t<div class=\"elementor-widget-container\">\n\t\t\t\t\t\t\t\t\t<div class=\"elementor-element elementor-element-f3041b2 e-con-full e-flex e-con e-child\" data-id=\"f3041b2\" data-element_type=\"container\"><div class=\"elementor-element elementor-element-f047495 e-con-full e-flex e-con e-child\" data-id=\"f047495\" data-element_type=\"container\"><div class=\"elementor-element elementor-element-69075b8 e-con-full e-flex e-con e-child\" data-id=\"69075b8\" data-element_type=\"container\"><div class=\"elementor-element elementor-element-0c5542c elementor-widget__width-inherit elementor-widget elementor-widget-text-editor\" data-id=\"0c5542c\" data-element_type=\"widget\" data-widget_type=\"text-editor.default\"><div class=\"elementor-widget-container\"><p>Every autumn, Saint-Malo plays host to Quai des Bulles, France's second-largest comics festival. Authors, illustrators and publishers come together for three days of discoveries, exchanges and emotions around drawing, storytelling and the imaginary.<\/p><\/div><\/div><\/div><\/div><\/div><div class=\"elementor-element elementor-element-6ff668a e-con-full e-flex e-con e-child\" data-id=\"6ff668a\" data-element_type=\"container\"><div class=\"elementor-element elementor-element-f61a804 elementor-widget__width-auto elementor-absolute decorative-title decorative-title-type2 elementor-hidden-tablet elementor-hidden-mobile elementor-widget elementor-widget-heading\" data-id=\"f61a804\" data-element_type=\"widget\" data-settings=\"{&quot;_position&quot;:&quot;absolute&quot;}\" data-widget_type=\"heading.default\"><div class=\"elementor-widget-container\"><div><div>\u00a0<\/div><div>\u00a0<\/div><div>\u00a0<\/div><div>\u00a0<\/div><div>\u00a0<\/div><div>\u00a0<\/div><div>\u00a0<\/div><div>\u00a0<\/div><div>\u00a0<\/div><div>\u00a0<\/div><div>\u00a0<\/div><\/div><\/div><\/div><div class=\"elementor-element elementor-element-3b0b391 e-con-full e-flex e-con e-child\" data-id=\"3b0b391\" data-element_type=\"container\"><div class=\"elementor-element elementor-element-56d505d e-con-full e-flex e-con e-child\" data-id=\"56d505d\" data-element_type=\"container\"><div class=\"elementor-element elementor-element-6fa3c97 anim-title elementor-widget elementor-widget-heading\" data-id=\"6fa3c97\" data-element_type=\"widget\" data-widget_type=\"heading.default\"><div class=\"elementor-widget-container\">\u00a0<\/div><\/div><\/div><\/div><\/div>\t\t\t\t\t\t\t\t<\/div>\n\t\t\t\t<\/div>\n\t\t\t\t<\/div>\n\t\t\t\t<div class=\"elementor-element elementor-element-1e1ac4fb elementor-widget__width-initial img img-upwards elementor-widget elementor-widget-image\" data-id=\"1e1ac4fb\" data-element_type=\"widget\" data-e-type=\"widget\" data-widget_type=\"image.default\">\n\t\t\t\t<div class=\"elementor-widget-container\">\n\t\t\t\t\t\t\t\t\t\t\t\t\t\t\t<img fetchpriority=\"high\" decoding=\"async\" width=\"2048\" height=\"1367\" src=\"https:\/\/www.ariniz.com\/wp-content\/uploads\/2026\/02\/houle-saint-malo-min-2048x1367-1.jpg\" class=\"attachment-full size-full wp-image-3237\" alt=\"\" srcset=\"https:\/\/www.ariniz.com\/wp-content\/uploads\/2026\/02\/houle-saint-malo-min-2048x1367-1.jpg 2048w, https:\/\/www.ariniz.com\/wp-content\/uploads\/2026\/02\/houle-saint-malo-min-2048x1367-1-300x200.jpg 300w, https:\/\/www.ariniz.com\/wp-content\/uploads\/2026\/02\/houle-saint-malo-min-2048x1367-1-1024x684.jpg 1024w, https:\/\/www.ariniz.com\/wp-content\/uploads\/2026\/02\/houle-saint-malo-min-2048x1367-1-768x513.jpg 768w, https:\/\/www.ariniz.com\/wp-content\/uploads\/2026\/02\/houle-saint-malo-min-2048x1367-1-1536x1025.jpg 1536w, https:\/\/www.ariniz.com\/wp-content\/uploads\/2026\/02\/houle-saint-malo-min-2048x1367-1-18x12.jpg 18w\" sizes=\"(max-width: 2048px) 100vw, 2048px\" title=\"\">\t\t\t\t\t\t\t\t\t\t\t\t\t\t\t<\/div>\n\t\t\t\t<\/div>\n\t\t\t\t\t<\/div>\n\t\t\t\t<\/div>\n\t\t<div class=\"elementor-element elementor-element-49250a7d restauration-section_creperie global-anim_img-upwards e-flex e-con-boxed e-con e-parent\" data-id=\"49250a7d\" data-element_type=\"container\" data-e-type=\"container\">\n\t\t\t\t\t<div class=\"e-con-inner\">\n\t\t\t\t<div class=\"elementor-element elementor-element-2a265d83 elementor-widget__width-initial img img-upwards elementor-widget elementor-widget-image\" data-id=\"2a265d83\" data-element_type=\"widget\" data-e-type=\"widget\" data-widget_type=\"image.default\">\n\t\t\t\t<div class=\"elementor-widget-container\">\n\t\t\t\t\t\t\t\t\t\t\t\t\t\t\t<img decoding=\"async\" width=\"1920\" height=\"960\" src=\"https:\/\/www.ariniz.com\/wp-content\/uploads\/2026\/02\/quai-des-bulles-saint-malo.jpg\" class=\"attachment-full size-full wp-image-3238\" alt=\"\" srcset=\"https:\/\/www.ariniz.com\/wp-content\/uploads\/2026\/02\/quai-des-bulles-saint-malo.jpg 1920w, https:\/\/www.ariniz.com\/wp-content\/uploads\/2026\/02\/quai-des-bulles-saint-malo-300x150.jpg 300w, https:\/\/www.ariniz.com\/wp-content\/uploads\/2026\/02\/quai-des-bulles-saint-malo-1024x512.jpg 1024w, https:\/\/www.ariniz.com\/wp-content\/uploads\/2026\/02\/quai-des-bulles-saint-malo-768x384.jpg 768w, https:\/\/www.ariniz.com\/wp-content\/uploads\/2026\/02\/quai-des-bulles-saint-malo-1536x768.jpg 1536w, https:\/\/www.ariniz.com\/wp-content\/uploads\/2026\/02\/quai-des-bulles-saint-malo-18x9.jpg 18w\" sizes=\"(max-width: 1920px) 100vw, 1920px\" title=\"\">\t\t\t\t\t\t\t\t\t\t\t\t\t\t\t<\/div>\n\t\t\t\t<\/div>\n\t\t<div class=\"elementor-element elementor-element-3408003c e-con-full e-flex e-con e-child\" data-id=\"3408003c\" data-element_type=\"container\" data-e-type=\"container\">\n\t\t<div class=\"elementor-element elementor-element-49f6c393 e-con-full e-flex e-con e-child\" data-id=\"49f6c393\" data-element_type=\"container\" data-e-type=\"container\">\n\t\t\t\t<div class=\"elementor-element elementor-element-67857150 elementor-widget elementor-widget-heading\" data-id=\"67857150\" data-element_type=\"widget\" data-e-type=\"widget\" data-widget_type=\"heading.default\">\n\t\t\t\t<div class=\"elementor-widget-container\">\n\t\t\t\t\t<h2 class=\"elementor-heading-title elementor-size-default\">Leisure activities<\/h2>\t\t\t\t<\/div>\n\t\t\t\t<\/div>\n\t\t\t\t<div class=\"elementor-element elementor-element-57b279f4 elementor-widget elementor-widget-heading\" data-id=\"57b279f4\" data-element_type=\"widget\" data-e-type=\"widget\" data-widget_type=\"heading.default\">\n\t\t\t\t<div class=\"elementor-widget-container\">\n\t\t\t\t\t<span class=\"elementor-heading-title elementor-size-default\">The art of visual storytelling<\/span>\t\t\t\t<\/div>\n\t\t\t\t<\/div>\n\t\t\t\t<\/div>\n\t\t\t\t<div class=\"elementor-element elementor-element-488e3ef elementor-widget-divider--view-line elementor-widget elementor-widget-divider\" data-id=\"488e3ef\" data-element_type=\"widget\" data-e-type=\"widget\" data-widget_type=\"divider.default\">\n\t\t\t\t<div class=\"elementor-widget-container\">\n\t\t\t\t\t\t\t<div class=\"elementor-divider\">\n\t\t\t<span class=\"elementor-divider-separator\">\n\t\t\t\t\t\t<\/span>\n\t\t<\/div>\n\t\t\t\t\t\t<\/div>\n\t\t\t\t<\/div>\n\t\t\t\t<div class=\"elementor-element elementor-element-9a50fb4 global-content-width elementor-widget elementor-widget-text-editor\" data-id=\"9a50fb4\" data-element_type=\"widget\" data-e-type=\"widget\" data-widget_type=\"text-editor.default\">\n\t\t\t\t<div class=\"elementor-widget-container\">\n\t\t\t\t\t\t\t\t\t<div class=\"elementor-element elementor-element-56d505d e-con-full e-flex e-con e-child\" data-id=\"56d505d\" data-element_type=\"container\"><div class=\"elementor-element elementor-element-c8602de elementor-widget__width-inherit elementor-widget elementor-widget-text-editor\" data-id=\"c8602de\" data-element_type=\"widget\" data-widget_type=\"text-editor.default\"><div class=\"elementor-widget-container\"><p>In a joyful, family-friendly atmosphere, exhibitions, workshops and book signings bring the ramparts to life. Visitors, young and old, plunge into an abundantly creative universe where each bubble tells a fragment of a dream. An unmissable event that celebrates line, color and visual poetry.<\/p><\/div><\/div><\/div><div class=\"elementor-element elementor-element-86a14ac elementor-widget__width-initial img-anim-1 elementor-widget elementor-widget-image\" data-id=\"86a14ac\" data-element_type=\"widget\" data-widget_type=\"image.default\">\u00a0<\/div>\t\t\t\t\t\t\t\t<\/div>\n\t\t\t\t<\/div>\n\t\t\t\t<\/div>\n\t\t\t\t\t<\/div>\n\t\t\t\t<\/div>\n\t\t<div class=\"elementor-element elementor-element-5f03f59a e-flex e-con-boxed e-con e-parent\" data-id=\"5f03f59a\" data-element_type=\"container\" data-e-type=\"container\">\n\t\t\t\t\t<div class=\"e-con-inner\">\n\t\t<div class=\"elementor-element elementor-element-7d8957d9 e-con-full e-flex e-con e-child\" data-id=\"7d8957d9\" data-element_type=\"container\" data-e-type=\"container\">\n\t\t<div class=\"elementor-element elementor-element-304b0b47 e-con-full e-flex e-con e-child\" data-id=\"304b0b47\" data-element_type=\"container\" data-e-type=\"container\">\n\t\t\t\t<div class=\"elementor-element elementor-element-63e7fbbb elementor-widget elementor-widget-heading\" data-id=\"63e7fbbb\" data-element_type=\"widget\" data-e-type=\"widget\" data-widget_type=\"heading.default\">\n\t\t\t\t<div class=\"elementor-widget-container\">\n\t\t\t\t\t<span class=\"elementor-heading-title elementor-size-default\">Events<\/span>\t\t\t\t<\/div>\n\t\t\t\t<\/div>\n\t\t<a class=\"elementor-element elementor-element-11df2e18 e-con-full common-cta-container e-flex e-con e-child\" data-id=\"11df2e18\" data-element_type=\"container\" data-e-type=\"container\" href=\"https:\/\/www.ariniz.com\/en\/nos-evenements\/\">\n\t\t\t\t<div class=\"elementor-element elementor-element-847e994 common-cta-text elementor-widget elementor-widget-text-editor\" data-id=\"847e994\" data-element_type=\"widget\" data-e-type=\"widget\" data-widget_type=\"text-editor.default\">\n\t\t\t\t<div class=\"elementor-widget-container\">\n\t\t\t\t\t\t\t\t\t<p>Discover<\/p>\t\t\t\t\t\t\t\t<\/div>\n\t\t\t\t<\/div>\n\t\t\t\t<\/a>\n\t\t\t\t<\/div>\n\t\t\t\t<div class=\"elementor-element elementor-element-7dfb4283 elementor-widget__width-initial elementor-widget-mobile__width-initial elementor-widget elementor-widget-image\" data-id=\"7dfb4283\" data-element_type=\"widget\" data-e-type=\"widget\" data-widget_type=\"image.default\">\n\t\t\t\t<div class=\"elementor-widget-container\">\n\t\t\t\t\t\t\t\t\t\t\t\t\t\t\t<img decoding=\"async\" width=\"1365\" height=\"2048\" src=\"https:\/\/www.ariniz.com\/wp-content\/uploads\/2026\/02\/terrasse-ar-iniz-1.jpg\" class=\"attachment-full size-full wp-image-3109\" alt=\"\" srcset=\"https:\/\/www.ariniz.com\/wp-content\/uploads\/2026\/02\/terrasse-ar-iniz-1.jpg 1365w, https:\/\/www.ariniz.com\/wp-content\/uploads\/2026\/02\/terrasse-ar-iniz-1-200x300.jpg 200w, https:\/\/www.ariniz.com\/wp-content\/uploads\/2026\/02\/terrasse-ar-iniz-1-683x1024.jpg 683w, https:\/\/www.ariniz.com\/wp-content\/uploads\/2026\/02\/terrasse-ar-iniz-1-768x1152.jpg 768w, https:\/\/www.ariniz.com\/wp-content\/uploads\/2026\/02\/terrasse-ar-iniz-1-1024x1536.jpg 1024w, https:\/\/www.ariniz.com\/wp-content\/uploads\/2026\/02\/terrasse-ar-iniz-1-8x12.jpg 8w\" sizes=\"(max-width: 1365px) 100vw, 1365px\" title=\"\">\t\t\t\t\t\t\t\t\t\t\t\t\t\t\t<\/div>\n\t\t\t\t<\/div>\n\t\t\t\t<\/div>\n\t\t<div class=\"elementor-element elementor-element-2d95e1a6 e-con-full e-flex e-con e-child\" data-id=\"2d95e1a6\" data-element_type=\"container\" data-e-type=\"container\">\n\t\t\t\t<div class=\"elementor-element elementor-element-21113f17 elementor-widget__width-initial elementor-widget elementor-widget-image\" data-id=\"21113f17\" data-element_type=\"widget\" data-e-type=\"widget\" data-widget_type=\"image.default\">\n\t\t\t\t<div class=\"elementor-widget-container\">\n\t\t\t\t\t\t\t\t\t\t\t\t\t\t\t<img loading=\"lazy\" decoding=\"async\" width=\"1365\" height=\"2048\" src=\"https:\/\/www.ariniz.com\/wp-content\/uploads\/2026\/02\/glace-terrasse-ar-iniz-1.jpg\" class=\"attachment-full size-full wp-image-3182\" alt=\"\" srcset=\"https:\/\/www.ariniz.com\/wp-content\/uploads\/2026\/02\/glace-terrasse-ar-iniz-1.jpg 1365w, https:\/\/www.ariniz.com\/wp-content\/uploads\/2026\/02\/glace-terrasse-ar-iniz-1-200x300.jpg 200w, https:\/\/www.ariniz.com\/wp-content\/uploads\/2026\/02\/glace-terrasse-ar-iniz-1-683x1024.jpg 683w, https:\/\/www.ariniz.com\/wp-content\/uploads\/2026\/02\/glace-terrasse-ar-iniz-1-768x1152.jpg 768w, https:\/\/www.ariniz.com\/wp-content\/uploads\/2026\/02\/glace-terrasse-ar-iniz-1-1024x1536.jpg 1024w, https:\/\/www.ariniz.com\/wp-content\/uploads\/2026\/02\/glace-terrasse-ar-iniz-1-8x12.jpg 8w\" sizes=\"(max-width: 1365px) 100vw, 1365px\" title=\"\">\t\t\t\t\t\t\t\t\t\t\t\t\t\t\t<\/div>\n\t\t\t\t<\/div>\n\t\t<div class=\"elementor-element elementor-element-2d4c23b9 e-con-full e-flex e-con e-child\" data-id=\"2d4c23b9\" data-element_type=\"container\" data-e-type=\"container\">\n\t\t\t\t<div class=\"elementor-element elementor-element-8abe363 elementor-widget elementor-widget-heading\" data-id=\"8abe363\" data-element_type=\"widget\" data-e-type=\"widget\" data-widget_type=\"heading.default\">\n\t\t\t\t<div class=\"elementor-widget-container\">\n\t\t\t\t\t<span class=\"elementor-heading-title elementor-size-default\">Cabanon<\/span>\t\t\t\t<\/div>\n\t\t\t\t<\/div>\n\t\t<a class=\"elementor-element elementor-element-3c5ef300 e-con-full common-cta-container e-flex e-con e-child\" data-id=\"3c5ef300\" data-element_type=\"container\" data-e-type=\"container\" href=\"https:\/\/www.ariniz.com\/en\/bar-le-cabanon\/\">\n\t\t\t\t<div class=\"elementor-element elementor-element-5331c2ac common-cta-text elementor-widget elementor-widget-text-editor\" data-id=\"5331c2ac\" data-element_type=\"widget\" data-e-type=\"widget\" data-widget_type=\"text-editor.default\">\n\t\t\t\t<div class=\"elementor-widget-container\">\n\t\t\t\t\t\t\t\t\t<p>Discover<\/p>\t\t\t\t\t\t\t\t<\/div>\n\t\t\t\t<\/div>\n\t\t\t\t<\/a>\n\t\t\t\t<\/div>\n\t\t\t\t<\/div>\n\t\t<div class=\"elementor-element elementor-element-187c96c1 e-con-full e-flex e-con e-child\" data-id=\"187c96c1\" data-element_type=\"container\" data-e-type=\"container\">\n\t\t<div class=\"elementor-element elementor-element-4d8e38ac e-con-full e-flex e-con e-child\" data-id=\"4d8e38ac\" data-element_type=\"container\" data-e-type=\"container\">\n\t\t\t\t<div class=\"elementor-element elementor-element-751ef978 elementor-widget elementor-widget-heading\" data-id=\"751ef978\" data-element_type=\"widget\" data-e-type=\"widget\" data-widget_type=\"heading.default\">\n\t\t\t\t<div class=\"elementor-widget-container\">\n\t\t\t\t\t<span class=\"elementor-heading-title elementor-size-default\">Rooms<\/span>\t\t\t\t<\/div>\n\t\t\t\t<\/div>\n\t\t<a class=\"elementor-element elementor-element-411d62ab e-con-full common-cta-container e-flex e-con e-child\" data-id=\"411d62ab\" data-element_type=\"container\" data-e-type=\"container\" href=\"https:\/\/www.ariniz.com\/en\/chambres\/\">\n\t\t\t\t<div class=\"elementor-element elementor-element-14f52553 common-cta-text elementor-widget elementor-widget-text-editor\" data-id=\"14f52553\" data-element_type=\"widget\" data-e-type=\"widget\" data-widget_type=\"text-editor.default\">\n\t\t\t\t<div class=\"elementor-widget-container\">\n\t\t\t\t\t\t\t\t\t<p>Discover<\/p>\t\t\t\t\t\t\t\t<\/div>\n\t\t\t\t<\/div>\n\t\t\t\t<\/a>\n\t\t\t\t<\/div>\n\t\t\t\t<div class=\"elementor-element elementor-element-16360440 elementor-widget__width-initial elementor-widget elementor-widget-image\" data-id=\"16360440\" data-element_type=\"widget\" data-e-type=\"widget\" data-widget_type=\"image.default\">\n\t\t\t\t<div class=\"elementor-widget-container\">\n\t\t\t\t\t\t\t\t\t\t\t\t\t\t\t<img loading=\"lazy\" decoding=\"async\" width=\"1365\" height=\"2048\" src=\"https:\/\/www.ariniz.com\/wp-content\/uploads\/2026\/02\/lit-simple-ar-iniz.jpg\" class=\"attachment-full size-full wp-image-3128\" alt=\"\" srcset=\"https:\/\/www.ariniz.com\/wp-content\/uploads\/2026\/02\/lit-simple-ar-iniz.jpg 1365w, https:\/\/www.ariniz.com\/wp-content\/uploads\/2026\/02\/lit-simple-ar-iniz-200x300.jpg 200w, https:\/\/www.ariniz.com\/wp-content\/uploads\/2026\/02\/lit-simple-ar-iniz-683x1024.jpg 683w, https:\/\/www.ariniz.com\/wp-content\/uploads\/2026\/02\/lit-simple-ar-iniz-768x1152.jpg 768w, https:\/\/www.ariniz.com\/wp-content\/uploads\/2026\/02\/lit-simple-ar-iniz-1024x1536.jpg 1024w, https:\/\/www.ariniz.com\/wp-content\/uploads\/2026\/02\/lit-simple-ar-iniz-8x12.jpg 8w\" sizes=\"(max-width: 1365px) 100vw, 1365px\" title=\"\">\t\t\t\t\t\t\t\t\t\t\t\t\t\t\t<\/div>\n\t\t\t\t<\/div>\n\t\t\t\t<\/div>\n\t\t\t\t\t<\/div>\n\t\t\t\t<\/div>\n\t\t\t\t<\/div>","protected":false},"excerpt":{"rendered":"<p>Quai des Bulles Le Quai des Bulles \u00e0 Saint-Malo Quai des Bulles En bande dessin\u00e9e Chaque automne, Saint-Malo accueille Quai des Bulles, deuxi\u00e8me plus grand festival de bande dessin\u00e9e de France. Auteurs, illustrateurs et \u00e9diteurs s\u2019y retrouvent pour trois jours de d\u00e9couvertes, d\u2019\u00e9changes et d\u2019\u00e9motions autour du dessin, de la narration et de l\u2019imaginaire. \u00a0\u00a0\u00a0\u00a0\u00a0\u00a0\u00a0\u00a0\u00a0\u00a0\u00a0\u00a0 [&hellip;]<\/p>\n","protected":false},"author":9,"featured_media":0,"parent":257,"menu_order":0,"comment_status":"closed","ping_status":"closed","template":"","meta":{"_acf_changed":false,"inline_featured_image":false,"footnotes":""},"class_list":["post-2763","page","type-page","status-publish","hentry"],"acf":[],"_links":{"self":[{"href":"https:\/\/www.ariniz.com\/en\/wp-json\/wp\/v2\/pages\/2763","targetHints":{"allow":["GET"]}}],"collection":[{"href":"https:\/\/www.ariniz.com\/en\/wp-json\/wp\/v2\/pages"}],"about":[{"href":"https:\/\/www.ariniz.com\/en\/wp-json\/wp\/v2\/types\/page"}],"author":[{"embeddable":true,"href":"https:\/\/www.ariniz.com\/en\/wp-json\/wp\/v2\/users\/9"}],"replies":[{"embeddable":true,"href":"https:\/\/www.ariniz.com\/en\/wp-json\/wp\/v2\/comments?post=2763"}],"version-history":[{"count":13,"href":"https:\/\/www.ariniz.com\/en\/wp-json\/wp\/v2\/pages\/2763\/revisions"}],"predecessor-version":[{"id":3523,"href":"https:\/\/www.ariniz.com\/en\/wp-json\/wp\/v2\/pages\/2763\/revisions\/3523"}],"up":[{"embeddable":true,"href":"https:\/\/www.ariniz.com\/en\/wp-json\/wp\/v2\/pages\/257"}],"wp:attachment":[{"href":"https:\/\/www.ariniz.com\/en\/wp-json\/wp\/v2\/media?parent=2763"}],"curies":[{"name":"wp","href":"https:\/\/api.w.org\/{rel}","templated":true}]}}