{"id":2739,"date":"2026-02-09T20:32:21","date_gmt":"2026-02-09T19:32:21","guid":{"rendered":"https:\/\/www.ariniz.com\/?page_id=2739"},"modified":"2026-03-30T17:31:42","modified_gmt":"2026-03-30T15:31:42","slug":"event","status":"publish","type":"page","link":"https:\/\/www.ariniz.com\/en\/nos-evenements\/evenement\/","title":{"rendered":"Event"},"content":{"rendered":"<div data-elementor-type=\"wp-page\" data-elementor-id=\"2739\" class=\"elementor elementor-2739\" data-elementor-post-type=\"page\">\n\t\t\t\t<div class=\"elementor-element elementor-element-5ff64761 e-flex e-con-boxed e-con e-parent\" data-id=\"5ff64761\" data-element_type=\"container\" data-e-type=\"container\" data-settings=\"{&quot;background_background&quot;:&quot;classic&quot;}\">\n\t\t\t\t\t<div class=\"e-con-inner\">\n\t\t<div class=\"elementor-element elementor-element-5d16ee6 e-con-full e-flex e-con e-child\" data-id=\"5d16ee6\" data-element_type=\"container\" data-e-type=\"container\">\n\t\t\t\t<div class=\"elementor-element elementor-element-76773433 elementor-widget elementor-widget-text-editor\" data-id=\"76773433\" data-element_type=\"widget\" data-e-type=\"widget\" data-widget_type=\"text-editor.default\">\n\t\t\t\t<div class=\"elementor-widget-container\">\n\t\t\t\t\t\t\t\t\t<p>Transat Qu\u00e9bec Saint-Malo<\/p>\t\t\t\t\t\t\t\t<\/div>\n\t\t\t\t<\/div>\n\t\t\t\t<div class=\"elementor-element elementor-element-785c8a2e elementor-widget elementor-widget-heading\" data-id=\"785c8a2e\" data-element_type=\"widget\" data-e-type=\"widget\" data-widget_type=\"heading.default\">\n\t\t\t\t<div class=\"elementor-widget-container\">\n\t\t\t\t\t<h1 class=\"elementor-heading-title elementor-size-default\">The transatlantic race from Qu\u00e9bec to Saint-Malo\n<\/h1>\t\t\t\t<\/div>\n\t\t\t\t<\/div>\n\t\t\t\t<div class=\"elementor-element elementor-element-24206be2 hero-arrow elementor-view-default elementor-widget elementor-widget-icon\" data-id=\"24206be2\" data-element_type=\"widget\" data-e-type=\"widget\" data-widget_type=\"icon.default\">\n\t\t\t\t<div class=\"elementor-widget-container\">\n\t\t\t\t\t\t\t<div class=\"elementor-icon-wrapper\">\n\t\t\t<a class=\"elementor-icon\" href=\"#introduction\">\n\t\t\t<svg xmlns=\"http:\/\/www.w3.org\/2000\/svg\" width=\"15\" height=\"8\" viewbox=\"0 0 15 8\" fill=\"none\"><path d=\"M0.5 0.5L7.02174 7.02174L13.5435 0.5\" stroke=\"white\" stroke-linecap=\"round\"><\/path><\/svg>\t\t\t<\/a>\n\t\t<\/div>\n\t\t\t\t\t\t<\/div>\n\t\t\t\t<\/div>\n\t\t\t\t<\/div>\n\t\t\t\t\t<\/div>\n\t\t\t\t<\/div>\n\t\t<div class=\"elementor-element elementor-element-358c1808 restauration-section_rotisserie global-anim_img-upwards e-flex e-con-boxed e-con e-parent\" data-id=\"358c1808\" data-element_type=\"container\" data-e-type=\"container\" id=\"introduction\">\n\t\t\t\t\t<div class=\"e-con-inner\">\n\t\t<div class=\"elementor-element elementor-element-e990107 e-con-full e-flex e-con e-child\" data-id=\"e990107\" data-element_type=\"container\" data-e-type=\"container\">\n\t\t<div class=\"elementor-element elementor-element-2a8bda2b e-con-full e-flex e-con e-child\" data-id=\"2a8bda2b\" data-element_type=\"container\" data-e-type=\"container\">\n\t\t\t\t<div class=\"elementor-element elementor-element-652b762c elementor-widget elementor-widget-heading\" data-id=\"652b762c\" data-element_type=\"widget\" data-e-type=\"widget\" data-widget_type=\"heading.default\">\n\t\t\t\t<div class=\"elementor-widget-container\">\n\t\t\t\t\t<h2 class=\"elementor-heading-title elementor-size-default\">Transat Qu\u00e9bec Saint-Malo<\/h2>\t\t\t\t<\/div>\n\t\t\t\t<\/div>\n\t\t\t\t<div class=\"elementor-element elementor-element-6658289d elementor-widget elementor-widget-heading\" data-id=\"6658289d\" data-element_type=\"widget\" data-e-type=\"widget\" data-widget_type=\"heading.default\">\n\t\t\t\t<div class=\"elementor-widget-container\">\n\t\t\t\t\t<span class=\"elementor-heading-title elementor-size-default\">The arrival of the crossing<\/span>\t\t\t\t<\/div>\n\t\t\t\t<\/div>\n\t\t\t\t<\/div>\n\t\t\t\t<div class=\"elementor-element elementor-element-9b0a757 elementor-widget-divider--view-line elementor-widget elementor-widget-divider\" data-id=\"9b0a757\" data-element_type=\"widget\" data-e-type=\"widget\" data-widget_type=\"divider.default\">\n\t\t\t\t<div class=\"elementor-widget-container\">\n\t\t\t\t\t\t\t<div class=\"elementor-divider\">\n\t\t\t<span class=\"elementor-divider-separator\">\n\t\t\t\t\t\t<\/span>\n\t\t<\/div>\n\t\t\t\t\t\t<\/div>\n\t\t\t\t<\/div>\n\t\t\t\t<div class=\"elementor-element elementor-element-399aad36 global-content-width elementor-widget elementor-widget-text-editor\" data-id=\"399aad36\" data-element_type=\"widget\" data-e-type=\"widget\" data-widget_type=\"text-editor.default\">\n\t\t\t\t<div class=\"elementor-widget-container\">\n\t\t\t\t\t\t\t\t\t<p>Since 1984, the Transat Qu\u00e9bec Saint-Malo has united two continents in a single oceanic breath. A legendary transatlantic race, it links Canada to Brittany, bringing together seasoned sailors and sea enthusiasts in an extraordinary challenge of courage, patience and instinct.<\/p>\t\t\t\t\t\t\t\t<\/div>\n\t\t\t\t<\/div>\n\t\t\t\t<\/div>\n\t\t\t\t<div class=\"elementor-element elementor-element-1e1ac4fb elementor-widget__width-initial img img-upwards elementor-widget elementor-widget-image\" data-id=\"1e1ac4fb\" data-element_type=\"widget\" data-e-type=\"widget\" data-widget_type=\"image.default\">\n\t\t\t\t<div class=\"elementor-widget-container\">\n\t\t\t\t\t\t\t\t\t\t\t\t\t\t\t<img fetchpriority=\"high\" decoding=\"async\" width=\"2048\" height=\"1536\" src=\"https:\/\/www.ariniz.com\/wp-content\/uploads\/2026\/02\/transat-quebec-saint-malo-2-2048x1536-1.webp\" class=\"attachment-full size-full wp-image-3225\" alt=\"\" srcset=\"https:\/\/www.ariniz.com\/wp-content\/uploads\/2026\/02\/transat-quebec-saint-malo-2-2048x1536-1.webp 2048w, https:\/\/www.ariniz.com\/wp-content\/uploads\/2026\/02\/transat-quebec-saint-malo-2-2048x1536-1-300x225.webp 300w, https:\/\/www.ariniz.com\/wp-content\/uploads\/2026\/02\/transat-quebec-saint-malo-2-2048x1536-1-1024x768.webp 1024w, https:\/\/www.ariniz.com\/wp-content\/uploads\/2026\/02\/transat-quebec-saint-malo-2-2048x1536-1-768x576.webp 768w, https:\/\/www.ariniz.com\/wp-content\/uploads\/2026\/02\/transat-quebec-saint-malo-2-2048x1536-1-1536x1152.webp 1536w, https:\/\/www.ariniz.com\/wp-content\/uploads\/2026\/02\/transat-quebec-saint-malo-2-2048x1536-1-16x12.webp 16w\" sizes=\"(max-width: 2048px) 100vw, 2048px\" title=\"\">\t\t\t\t\t\t\t\t\t\t\t\t\t\t\t<\/div>\n\t\t\t\t<\/div>\n\t\t\t\t\t<\/div>\n\t\t\t\t<\/div>\n\t\t<div class=\"elementor-element elementor-element-49250a7d restauration-section_creperie global-anim_img-upwards e-flex e-con-boxed e-con e-parent\" data-id=\"49250a7d\" data-element_type=\"container\" data-e-type=\"container\">\n\t\t\t\t\t<div class=\"e-con-inner\">\n\t\t\t\t<div class=\"elementor-element elementor-element-2a265d83 elementor-widget__width-initial img img-upwards elementor-widget elementor-widget-image\" data-id=\"2a265d83\" data-element_type=\"widget\" data-e-type=\"widget\" data-widget_type=\"image.default\">\n\t\t\t\t<div class=\"elementor-widget-container\">\n\t\t\t\t\t\t\t\t\t\t\t\t\t\t\t<img decoding=\"async\" width=\"2048\" height=\"1536\" src=\"https:\/\/www.ariniz.com\/wp-content\/uploads\/2026\/02\/transat-quebec-saint-malo-1-2048x1536-1.webp\" class=\"attachment-full size-full wp-image-3224\" alt=\"\" srcset=\"https:\/\/www.ariniz.com\/wp-content\/uploads\/2026\/02\/transat-quebec-saint-malo-1-2048x1536-1.webp 2048w, https:\/\/www.ariniz.com\/wp-content\/uploads\/2026\/02\/transat-quebec-saint-malo-1-2048x1536-1-300x225.webp 300w, https:\/\/www.ariniz.com\/wp-content\/uploads\/2026\/02\/transat-quebec-saint-malo-1-2048x1536-1-1024x768.webp 1024w, https:\/\/www.ariniz.com\/wp-content\/uploads\/2026\/02\/transat-quebec-saint-malo-1-2048x1536-1-768x576.webp 768w, https:\/\/www.ariniz.com\/wp-content\/uploads\/2026\/02\/transat-quebec-saint-malo-1-2048x1536-1-1536x1152.webp 1536w, https:\/\/www.ariniz.com\/wp-content\/uploads\/2026\/02\/transat-quebec-saint-malo-1-2048x1536-1-16x12.webp 16w\" sizes=\"(max-width: 2048px) 100vw, 2048px\" title=\"\">\t\t\t\t\t\t\t\t\t\t\t\t\t\t\t<\/div>\n\t\t\t\t<\/div>\n\t\t<div class=\"elementor-element elementor-element-3408003c e-con-full e-flex e-con e-child\" data-id=\"3408003c\" data-element_type=\"container\" data-e-type=\"container\">\n\t\t<div class=\"elementor-element elementor-element-49f6c393 e-con-full e-flex e-con e-child\" data-id=\"49f6c393\" data-element_type=\"container\" data-e-type=\"container\">\n\t\t\t\t<div class=\"elementor-element elementor-element-67857150 elementor-widget elementor-widget-heading\" data-id=\"67857150\" data-element_type=\"widget\" data-e-type=\"widget\" data-widget_type=\"heading.default\">\n\t\t\t\t<div class=\"elementor-widget-container\">\n\t\t\t\t\t<h2 class=\"elementor-heading-title elementor-size-default\">Leisure activities<\/h2>\t\t\t\t<\/div>\n\t\t\t\t<\/div>\n\t\t\t\t<div class=\"elementor-element elementor-element-57b279f4 elementor-widget elementor-widget-heading\" data-id=\"57b279f4\" data-element_type=\"widget\" data-e-type=\"widget\" data-widget_type=\"heading.default\">\n\t\t\t\t<div class=\"elementor-widget-container\">\n\t\t\t\t\t<span class=\"elementor-heading-title elementor-size-default\">Energy from the open sea\n<\/span>\t\t\t\t<\/div>\n\t\t\t\t<\/div>\n\t\t\t\t<\/div>\n\t\t\t\t<div class=\"elementor-element elementor-element-5bcc39d elementor-widget-divider--view-line elementor-widget elementor-widget-divider\" data-id=\"5bcc39d\" data-element_type=\"widget\" data-e-type=\"widget\" data-widget_type=\"divider.default\">\n\t\t\t\t<div class=\"elementor-widget-container\">\n\t\t\t\t\t\t\t<div class=\"elementor-divider\">\n\t\t\t<span class=\"elementor-divider-separator\">\n\t\t\t\t\t\t<\/span>\n\t\t<\/div>\n\t\t\t\t\t\t<\/div>\n\t\t\t\t<\/div>\n\t\t\t\t<div class=\"elementor-element elementor-element-9a50fb4 global-content-width elementor-widget elementor-widget-text-editor\" data-id=\"9a50fb4\" data-element_type=\"widget\" data-e-type=\"widget\" data-widget_type=\"text-editor.default\">\n\t\t\t\t<div class=\"elementor-widget-container\">\n\t\t\t\t\t\t\t\t\t<p>The arrival in Saint-Malo is always a moment of jubilation. The yachts cross the line after days of crossing, welcomed by crowds, families and curious onlookers. Between the applause and the spray, an entire region pays tribute to the sailors and the beauty of the voyage.<\/p><p>\u00a0<\/p>\t\t\t\t\t\t\t\t<\/div>\n\t\t\t\t<\/div>\n\t\t\t\t<\/div>\n\t\t\t\t\t<\/div>\n\t\t\t\t<\/div>\n\t\t<div class=\"elementor-element elementor-element-5f03f59a e-flex e-con-boxed e-con e-parent\" data-id=\"5f03f59a\" data-element_type=\"container\" data-e-type=\"container\">\n\t\t\t\t\t<div class=\"e-con-inner\">\n\t\t<div class=\"elementor-element elementor-element-7d8957d9 e-con-full e-flex e-con e-child\" data-id=\"7d8957d9\" data-element_type=\"container\" data-e-type=\"container\">\n\t\t<div class=\"elementor-element elementor-element-304b0b47 e-con-full e-flex e-con e-child\" data-id=\"304b0b47\" data-element_type=\"container\" data-e-type=\"container\">\n\t\t\t\t<div class=\"elementor-element elementor-element-63e7fbbb elementor-widget elementor-widget-heading\" data-id=\"63e7fbbb\" data-element_type=\"widget\" data-e-type=\"widget\" data-widget_type=\"heading.default\">\n\t\t\t\t<div class=\"elementor-widget-container\">\n\t\t\t\t\t<span class=\"elementor-heading-title elementor-size-default\">Events<\/span>\t\t\t\t<\/div>\n\t\t\t\t<\/div>\n\t\t<a class=\"elementor-element elementor-element-11df2e18 e-con-full common-cta-container e-flex e-con e-child\" data-id=\"11df2e18\" data-element_type=\"container\" data-e-type=\"container\" href=\"https:\/\/www.ariniz.com\/en\/nos-evenements\/\">\n\t\t\t\t<div class=\"elementor-element elementor-element-847e994 common-cta-text elementor-widget elementor-widget-text-editor\" data-id=\"847e994\" data-element_type=\"widget\" data-e-type=\"widget\" data-widget_type=\"text-editor.default\">\n\t\t\t\t<div class=\"elementor-widget-container\">\n\t\t\t\t\t\t\t\t\t<p>Discover<\/p>\t\t\t\t\t\t\t\t<\/div>\n\t\t\t\t<\/div>\n\t\t\t\t<\/a>\n\t\t\t\t<\/div>\n\t\t\t\t<div class=\"elementor-element elementor-element-7dfb4283 elementor-widget__width-initial elementor-widget-mobile__width-initial elementor-widget elementor-widget-image\" data-id=\"7dfb4283\" data-element_type=\"widget\" data-e-type=\"widget\" data-widget_type=\"image.default\">\n\t\t\t\t<div class=\"elementor-widget-container\">\n\t\t\t\t\t\t\t\t\t\t\t\t\t\t\t<img decoding=\"async\" width=\"1365\" height=\"2048\" src=\"https:\/\/www.ariniz.com\/wp-content\/uploads\/2026\/02\/terrasse-ar-iniz-1.jpg\" class=\"attachment-full size-full wp-image-3109\" alt=\"\" srcset=\"https:\/\/www.ariniz.com\/wp-content\/uploads\/2026\/02\/terrasse-ar-iniz-1.jpg 1365w, https:\/\/www.ariniz.com\/wp-content\/uploads\/2026\/02\/terrasse-ar-iniz-1-200x300.jpg 200w, https:\/\/www.ariniz.com\/wp-content\/uploads\/2026\/02\/terrasse-ar-iniz-1-683x1024.jpg 683w, https:\/\/www.ariniz.com\/wp-content\/uploads\/2026\/02\/terrasse-ar-iniz-1-768x1152.jpg 768w, https:\/\/www.ariniz.com\/wp-content\/uploads\/2026\/02\/terrasse-ar-iniz-1-1024x1536.jpg 1024w, https:\/\/www.ariniz.com\/wp-content\/uploads\/2026\/02\/terrasse-ar-iniz-1-8x12.jpg 8w\" sizes=\"(max-width: 1365px) 100vw, 1365px\" title=\"\">\t\t\t\t\t\t\t\t\t\t\t\t\t\t\t<\/div>\n\t\t\t\t<\/div>\n\t\t\t\t<\/div>\n\t\t<div class=\"elementor-element elementor-element-2d95e1a6 e-con-full e-flex e-con e-child\" data-id=\"2d95e1a6\" data-element_type=\"container\" data-e-type=\"container\">\n\t\t\t\t<div class=\"elementor-element elementor-element-21113f17 elementor-widget__width-initial elementor-widget elementor-widget-image\" data-id=\"21113f17\" data-element_type=\"widget\" data-e-type=\"widget\" data-widget_type=\"image.default\">\n\t\t\t\t<div class=\"elementor-widget-container\">\n\t\t\t\t\t\t\t\t\t\t\t\t\t\t\t<img loading=\"lazy\" decoding=\"async\" width=\"1365\" height=\"2048\" src=\"https:\/\/www.ariniz.com\/wp-content\/uploads\/2026\/02\/espace-salon.jpg\" class=\"attachment-full size-full wp-image-3096\" alt=\"\" srcset=\"https:\/\/www.ariniz.com\/wp-content\/uploads\/2026\/02\/espace-salon.jpg 1365w, https:\/\/www.ariniz.com\/wp-content\/uploads\/2026\/02\/espace-salon-200x300.jpg 200w, https:\/\/www.ariniz.com\/wp-content\/uploads\/2026\/02\/espace-salon-683x1024.jpg 683w, https:\/\/www.ariniz.com\/wp-content\/uploads\/2026\/02\/espace-salon-768x1152.jpg 768w, https:\/\/www.ariniz.com\/wp-content\/uploads\/2026\/02\/espace-salon-1024x1536.jpg 1024w, https:\/\/www.ariniz.com\/wp-content\/uploads\/2026\/02\/espace-salon-8x12.jpg 8w\" sizes=\"(max-width: 1365px) 100vw, 1365px\" title=\"\">\t\t\t\t\t\t\t\t\t\t\t\t\t\t\t<\/div>\n\t\t\t\t<\/div>\n\t\t<div class=\"elementor-element elementor-element-2d4c23b9 e-con-full e-flex e-con e-child\" data-id=\"2d4c23b9\" data-element_type=\"container\" data-e-type=\"container\">\n\t\t\t\t<div class=\"elementor-element elementor-element-8abe363 elementor-widget elementor-widget-heading\" data-id=\"8abe363\" data-element_type=\"widget\" data-e-type=\"widget\" data-widget_type=\"heading.default\">\n\t\t\t\t<div class=\"elementor-widget-container\">\n\t\t\t\t\t<span class=\"elementor-heading-title elementor-size-default\">Seminars<\/span>\t\t\t\t<\/div>\n\t\t\t\t<\/div>\n\t\t<a class=\"elementor-element elementor-element-3c5ef300 e-con-full common-cta-container e-flex e-con e-child\" data-id=\"3c5ef300\" data-element_type=\"container\" data-e-type=\"container\" href=\"https:\/\/www.ariniz.com\/en\/seminaire\/\">\n\t\t\t\t<div class=\"elementor-element elementor-element-5331c2ac common-cta-text elementor-widget elementor-widget-text-editor\" data-id=\"5331c2ac\" data-element_type=\"widget\" data-e-type=\"widget\" data-widget_type=\"text-editor.default\">\n\t\t\t\t<div class=\"elementor-widget-container\">\n\t\t\t\t\t\t\t\t\t<p>Discover<\/p>\t\t\t\t\t\t\t\t<\/div>\n\t\t\t\t<\/div>\n\t\t\t\t<\/a>\n\t\t\t\t<\/div>\n\t\t\t\t<\/div>\n\t\t<div class=\"elementor-element elementor-element-187c96c1 e-con-full e-flex e-con e-child\" data-id=\"187c96c1\" data-element_type=\"container\" data-e-type=\"container\">\n\t\t<div class=\"elementor-element elementor-element-4d8e38ac e-con-full e-flex e-con e-child\" data-id=\"4d8e38ac\" data-element_type=\"container\" data-e-type=\"container\">\n\t\t\t\t<div class=\"elementor-element elementor-element-751ef978 elementor-widget elementor-widget-heading\" data-id=\"751ef978\" data-element_type=\"widget\" data-e-type=\"widget\" data-widget_type=\"heading.default\">\n\t\t\t\t<div class=\"elementor-widget-container\">\n\t\t\t\t\t<span class=\"elementor-heading-title elementor-size-default\">Rooms<\/span>\t\t\t\t<\/div>\n\t\t\t\t<\/div>\n\t\t<a class=\"elementor-element elementor-element-411d62ab e-con-full common-cta-container e-flex e-con e-child\" data-id=\"411d62ab\" data-element_type=\"container\" data-e-type=\"container\" href=\"https:\/\/www.ariniz.com\/en\/chambres\/\">\n\t\t\t\t<div class=\"elementor-element elementor-element-14f52553 common-cta-text elementor-widget elementor-widget-text-editor\" data-id=\"14f52553\" data-element_type=\"widget\" data-e-type=\"widget\" data-widget_type=\"text-editor.default\">\n\t\t\t\t<div class=\"elementor-widget-container\">\n\t\t\t\t\t\t\t\t\t<p>Discover<\/p>\t\t\t\t\t\t\t\t<\/div>\n\t\t\t\t<\/div>\n\t\t\t\t<\/a>\n\t\t\t\t<\/div>\n\t\t\t\t<div class=\"elementor-element elementor-element-16360440 elementor-widget__width-initial elementor-widget elementor-widget-image\" data-id=\"16360440\" data-element_type=\"widget\" data-e-type=\"widget\" data-widget_type=\"image.default\">\n\t\t\t\t<div class=\"elementor-widget-container\">\n\t\t\t\t\t\t\t\t\t\t\t\t\t\t\t<img loading=\"lazy\" decoding=\"async\" width=\"1365\" height=\"2048\" src=\"https:\/\/www.ariniz.com\/wp-content\/uploads\/2026\/02\/chambre-ar-iniz.jpg\" class=\"attachment-full size-full wp-image-3119\" alt=\"\" srcset=\"https:\/\/www.ariniz.com\/wp-content\/uploads\/2026\/02\/chambre-ar-iniz.jpg 1365w, https:\/\/www.ariniz.com\/wp-content\/uploads\/2026\/02\/chambre-ar-iniz-200x300.jpg 200w, https:\/\/www.ariniz.com\/wp-content\/uploads\/2026\/02\/chambre-ar-iniz-683x1024.jpg 683w, https:\/\/www.ariniz.com\/wp-content\/uploads\/2026\/02\/chambre-ar-iniz-768x1152.jpg 768w, https:\/\/www.ariniz.com\/wp-content\/uploads\/2026\/02\/chambre-ar-iniz-1024x1536.jpg 1024w, https:\/\/www.ariniz.com\/wp-content\/uploads\/2026\/02\/chambre-ar-iniz-8x12.jpg 8w\" sizes=\"(max-width: 1365px) 100vw, 1365px\" title=\"\">\t\t\t\t\t\t\t\t\t\t\t\t\t\t\t<\/div>\n\t\t\t\t<\/div>\n\t\t\t\t<\/div>\n\t\t\t\t\t<\/div>\n\t\t\t\t<\/div>\n\t\t\t\t<\/div>","protected":false},"excerpt":{"rendered":"<p>Transat Qu\u00e9bec Saint-Malo La transat de Qu\u00e9bec \u00e0 Saint-Malo Transat Qu\u00e9bec Saint-Malo L&rsquo;arriv\u00e9e de la travers\u00e9e Depuis 1984, la Transat Qu\u00e9bec Saint-Malo unit deux continents dans une m\u00eame respiration oc\u00e9anique. Course transatlantique mythique, elle relie le Canada \u00e0 la Bretagne, r\u00e9unissant marins chevronn\u00e9s et passionn\u00e9s de la mer autour d\u2019un d\u00e9fi hors du commun, fait [&hellip;]<\/p>\n","protected":false},"author":9,"featured_media":0,"parent":332,"menu_order":0,"comment_status":"closed","ping_status":"closed","template":"","meta":{"_acf_changed":false,"inline_featured_image":false,"footnotes":""},"class_list":["post-2739","page","type-page","status-publish","hentry"],"acf":[],"_links":{"self":[{"href":"https:\/\/www.ariniz.com\/en\/wp-json\/wp\/v2\/pages\/2739","targetHints":{"allow":["GET"]}}],"collection":[{"href":"https:\/\/www.ariniz.com\/en\/wp-json\/wp\/v2\/pages"}],"about":[{"href":"https:\/\/www.ariniz.com\/en\/wp-json\/wp\/v2\/types\/page"}],"author":[{"embeddable":true,"href":"https:\/\/www.ariniz.com\/en\/wp-json\/wp\/v2\/users\/9"}],"replies":[{"embeddable":true,"href":"https:\/\/www.ariniz.com\/en\/wp-json\/wp\/v2\/comments?post=2739"}],"version-history":[{"count":17,"href":"https:\/\/www.ariniz.com\/en\/wp-json\/wp\/v2\/pages\/2739\/revisions"}],"predecessor-version":[{"id":3759,"href":"https:\/\/www.ariniz.com\/en\/wp-json\/wp\/v2\/pages\/2739\/revisions\/3759"}],"up":[{"embeddable":true,"href":"https:\/\/www.ariniz.com\/en\/wp-json\/wp\/v2\/pages\/332"}],"wp:attachment":[{"href":"https:\/\/www.ariniz.com\/en\/wp-json\/wp\/v2\/media?parent=2739"}],"curies":[{"name":"wp","href":"https:\/\/api.w.org\/{rel}","templated":true}]}}