{"id":216,"date":"2026-01-13T10:05:15","date_gmt":"2026-01-13T09:05:15","guid":{"rendered":"https:\/\/www.ariniz.com\/?page_id=216"},"modified":"2026-02-18T14:49:57","modified_gmt":"2026-02-18T13:49:57","slug":"legal-notice","status":"publish","type":"page","link":"https:\/\/www.ariniz.com\/en\/mentions-legales\/","title":{"rendered":"Terms of use"},"content":{"rendered":"<div data-elementor-type=\"wp-page\" data-elementor-id=\"216\" class=\"elementor elementor-216\" data-elementor-post-type=\"page\">\n\t\t\t\t<div class=\"elementor-element elementor-element-9ad0532 e-flex e-con-boxed e-con e-parent\" data-id=\"9ad0532\" data-element_type=\"container\" data-e-type=\"container\">\n\t\t\t\t\t<div class=\"e-con-inner\">\n\t\t\t\t<div class=\"elementor-element elementor-element-899dddd elementor-widget elementor-widget-heading\" data-id=\"899dddd\" data-element_type=\"widget\" data-e-type=\"widget\" data-widget_type=\"heading.default\">\n\t\t\t\t<div class=\"elementor-widget-container\">\n\t\t\t\t\t<h1 class=\"elementor-heading-title elementor-size-default\">Terms of use<\/h1>\t\t\t\t<\/div>\n\t\t\t\t<\/div>\n\t\t\t\t<div class=\"elementor-element elementor-element-3af3955 elementor-widget elementor-widget-text-editor\" data-id=\"3af3955\" data-element_type=\"widget\" data-e-type=\"widget\" data-widget_type=\"text-editor.default\">\n\t\t\t\t<div class=\"elementor-widget-container\">\n\t\t\t\t\t\t\t\t\t<div class=\"elementor elementor-189 elementor-location-header\" data-elementor-type=\"header\" data-elementor-id=\"189\" data-elementor-post-type=\"elementor_library\"><p><strong>L'H\u00f4tel-Restaurant Ar Iniz, 8 Bd H\u00e9bert 35400 Saint-Malo <\/strong><\/p><p><em>(SAS Les Acacias - 19A rue de Ch\u00e2tillon 35000 RENNES - 491 799 383 RCS RENNES)<\/em><\/p><div><p><strong>Company name<\/strong> Les Acacias<\/p><p><strong>Head office<\/strong> ADDRESS : 19 A RUE DE CHATILLON, 35000 RENNES<\/p><p><strong>Phone<\/strong> :\u00a002 99 56 01 19<\/p><p><strong>Share capital<\/strong> : 366 100\u20ac<\/p><p><strong>Siret number<\/strong> : 49179938300022<\/p><p><strong>RCS<\/strong> 491799383 RCS Rennes<\/p><p><strong>Photo credit<\/strong> \u00a9Eliophot \u00a9GettyImages (non-contractual photos) \u00a9Jeanne Lozay \u00a9Gurvann Touz\u00e9<\/p><\/div><\/div><div class=\"page-content\"><div class=\"elementor elementor-302\" data-elementor-type=\"wp-page\" data-elementor-id=\"302\" data-elementor-post-type=\"page\"><div id=\"smooth-wrapper\" class=\"elementor-element elementor-element-47cbc5fe e-con-full e-flex e-con e-parent e-lazyloaded\" data-id=\"47cbc5fe\" data-element_type=\"container\"><div id=\"smooth-content\" class=\"elementor-element elementor-element-5e3f7ec1 e-con-full e-flex e-con e-child\" data-id=\"5e3f7ec1\" data-element_type=\"container\"><div class=\"elementor-element elementor-element-ca0318e e-con-full e-flex e-con e-child\" data-id=\"ca0318e\" data-element_type=\"container\"><div class=\"elementor-element elementor-element-60f91a5 legal-notice-txt elementor-widget elementor-widget-text-editor\" data-id=\"60f91a5\" data-element_type=\"widget\" data-widget_type=\"text-editor.default\"><div class=\"elementor-widget-container\"><div class=\"page-content\"><div class=\"elementor elementor-840\" data-elementor-type=\"wp-page\" data-elementor-id=\"840\" data-elementor-post-type=\"page\"><div class=\"elementor-element elementor-element-2784abd e-flex e-con-boxed e-con e-parent e-lazyloaded\" data-id=\"2784abd\" data-element_type=\"container\" data-settings=\"{&quot;background_background&quot;:&quot;classic&quot;}\"><div class=\"e-con-inner\"><div class=\"elementor-element elementor-element-00ac295 elementor-widget elementor-widget-text-editor\" data-id=\"00ac295\" data-element_type=\"widget\" data-widget_type=\"text-editor.default\"><div class=\"elementor-widget-container\"><div><p>\u00a0<\/p><p><strong>1. Purpose of the site<\/strong><br \/>The AR INIZ website is dedicated to promoting the establishment, providing information and collecting personal data for the purposes of booking and managing customer relations.<br \/>Liability<br \/>Publishing director: Eliophot<br \/>Editorial manager: Eliophot<br \/>Webmaster, design, editing, hosting : Eliophot + HEBERGEUR ( Hetzner Online GmbH - Industriestr. 25 - 91710 Gunzenhausen - Deutschland or Group Dis au 28, rue des Arts, 59800 Lille (03 20 09 11 68) or other if managed by customer)<\/p><p>\u00a0<\/p><p><strong>2. Collection of personal data<\/strong><br \/>The AR INIZ website collects personal data online in order to book rooms and manage your stay.<br \/>In accordance with the French Data Protection Act, this site has been registered with the Commission Nationale Informatique et Libert\u00e9s (CNIL). You have the right to access, modify, rectify and delete any personal data concerning you. To exercise this right, please contact us at the following address: <a href=\"mailto:contact@ariniz.com\">contact@ariniz.com<\/a><\/p><p>\u00a0<\/p><p><strong>3. Intellectual property<\/strong><br \/>All information, content, logos, texts, images and other elements present on the site are protected by French legislation and international conventions relating to intellectual property.<br \/>Any reproduction, distribution or modification, in whole or in part, without the prior authorization of AR INIZ, is strictly forbidden, except for private or family use.<\/p><p>\u00a0<\/p><p><strong>4. Disputes and mediation<\/strong><br \/>In the event of a dispute, please contact our customer service department to try to resolve the problem amicably.<\/p><p>If no amicable solution is found, the consumer may refer the matter free of charge to a consumer mediator, namely the Association of European Mediators (AME CONSO), within one (1) year of the written complaint sent to the Hotel.<\/p><p>\u00a0<\/p><p>You can contact the mediator :<br \/>Online, using the form available on the website :<\/p><p>\u00a0<\/p><p><a href=\"http:\/\/www.mediationconso-ame.com\" rel=\"nofollow noopener\" target=\"_blank\"> <em>www.mediationconso-ame.com<\/em><\/a><br \/><em>By post, to the following address<\/em><br \/><em>AME CONSO - 11 place Dauphine - 75001 PARIS<\/em><\/p><p>\u00a0<\/p><p><strong>5. Applicable law and online dispute resolution<\/strong><br \/>In accordance with Article 14 of Regulation (EU) No. 524\/2013, the European Commission provides an online dispute resolution (ODR) platform. You can access it via the following link:<br \/><a href=\"https:\/\/ec.europa.eu\/consumers\/odr\/\" rel=\"nofollow noopener\" target=\"_blank\">https:\/\/ec.europa.eu\/consumers\/odr\/<\/a><\/p><p>\u00a0<\/p><p><strong>6. No right of withdrawal<\/strong><br \/>In accordance with article L.221-28 of the French Consumer Code, the right of withdrawal does not apply to accommodation services provided on a specific date or at specific intervals.<\/p><p>\u00a0<\/p><p><strong>7. Limited liability of the publisher<\/strong><br \/>The site editor provides users with information and tools that he considers reliable. However, it cannot be held responsible for errors, the unavailability of functions, or the presence of viruses on the site.<\/p><p>The information on this site is provided for information purposes only and should not be used as a substitute for personal advice. The publisher does not guarantee the accuracy, completeness or timeliness of this information.<br \/>In addition, the site may contain links to third-party sites. The publisher assumes no responsibility for the content of these sites, and cannot be held liable for any direct or indirect damage resulting from their use.<\/p><p>\u00a0<\/p><p>You can oppose telephone canvassing by registering free of charge on the Bloctel list:<\/p><p><a href=\"https:\/\/www.bloctel.gouv.fr.\" rel=\"nofollow noopener\" target=\"_blank\"> https:\/\/www.bloctel.gouv.fr.<\/a><\/p><p>We respect the Bloctel list and undertake not to contact you if you are on it.<\/p><\/div><\/div><\/div><\/div><\/div><\/div><\/div><\/div><\/div><\/div><\/div><\/div><\/div><\/div>\t\t\t\t\t\t\t\t<\/div>\n\t\t\t\t<\/div>\n\t\t\t\t\t<\/div>\n\t\t\t\t<\/div>\n\t\t\t\t<\/div>","protected":false},"excerpt":{"rendered":"<p>Mentions l\u00e9gales L\u2019H\u00f4tel-Restaurant Ar Iniz, 8 Bd H\u00e9bert 35400 Saint-Malo (SAS Les Acacias \u2013 19A rue de Ch\u00e2tillon 35000 RENNES &#8211; 491 799 383 RCS RENNES) Raison sociale de la soci\u00e9t\u00e9 exploitante : Les Acacias Si\u00e8ge social : 19 A RUE DE CHATILLON, 35000 RENNES T\u00e9l\u00e9phone :\u00a002 99 56 01 19 Capital social : 366 [&hellip;]<\/p>\n","protected":false},"author":13,"featured_media":0,"parent":0,"menu_order":0,"comment_status":"closed","ping_status":"closed","template":"","meta":{"_acf_changed":false,"inline_featured_image":false,"footnotes":""},"class_list":["post-216","page","type-page","status-publish","hentry"],"acf":[],"_links":{"self":[{"href":"https:\/\/www.ariniz.com\/en\/wp-json\/wp\/v2\/pages\/216","targetHints":{"allow":["GET"]}}],"collection":[{"href":"https:\/\/www.ariniz.com\/en\/wp-json\/wp\/v2\/pages"}],"about":[{"href":"https:\/\/www.ariniz.com\/en\/wp-json\/wp\/v2\/types\/page"}],"author":[{"embeddable":true,"href":"https:\/\/www.ariniz.com\/en\/wp-json\/wp\/v2\/users\/13"}],"replies":[{"embeddable":true,"href":"https:\/\/www.ariniz.com\/en\/wp-json\/wp\/v2\/comments?post=216"}],"version-history":[{"count":28,"href":"https:\/\/www.ariniz.com\/en\/wp-json\/wp\/v2\/pages\/216\/revisions"}],"predecessor-version":[{"id":3695,"href":"https:\/\/www.ariniz.com\/en\/wp-json\/wp\/v2\/pages\/216\/revisions\/3695"}],"wp:attachment":[{"href":"https:\/\/www.ariniz.com\/en\/wp-json\/wp\/v2\/media?parent=216"}],"curies":[{"name":"wp","href":"https:\/\/api.w.org\/{rel}","templated":true}]}}