{"id":1346,"date":"2026-01-27T12:10:37","date_gmt":"2026-01-27T11:10:37","guid":{"rendered":"https:\/\/www.ariniz.com\/?page_id=1346"},"modified":"2026-02-13T08:27:50","modified_gmt":"2026-02-13T07:27:50","slug":"water-activities","status":"publish","type":"page","link":"https:\/\/www.ariniz.com\/en\/tourisme\/activites-nautiques\/","title":{"rendered":"Nautical activities"},"content":{"rendered":"<div data-elementor-type=\"wp-page\" data-elementor-id=\"1346\" class=\"elementor elementor-1346\" data-elementor-post-type=\"page\">\n\t\t\t\t<div class=\"elementor-element elementor-element-5ff64761 e-flex e-con-boxed e-con e-parent\" data-id=\"5ff64761\" data-element_type=\"container\" data-e-type=\"container\" data-settings=\"{&quot;background_background&quot;:&quot;classic&quot;}\">\n\t\t\t\t\t<div class=\"e-con-inner\">\n\t\t<div class=\"elementor-element elementor-element-5d16ee6 e-con-full e-flex e-con e-child\" data-id=\"5d16ee6\" data-element_type=\"container\" data-e-type=\"container\">\n\t\t\t\t<div class=\"elementor-element elementor-element-76773433 elementor-widget elementor-widget-text-editor\" data-id=\"76773433\" data-element_type=\"widget\" data-e-type=\"widget\" data-widget_type=\"text-editor.default\">\n\t\t\t\t<div class=\"elementor-widget-container\">\n\t\t\t\t\t\t\t\t\t<p>Nautical activities<\/p>\t\t\t\t\t\t\t\t<\/div>\n\t\t\t\t<\/div>\n\t\t\t\t<div class=\"elementor-element elementor-element-785c8a2e elementor-widget elementor-widget-heading\" data-id=\"785c8a2e\" data-element_type=\"widget\" data-e-type=\"widget\" data-widget_type=\"heading.default\">\n\t\t\t\t<div class=\"elementor-widget-container\">\n\t\t\t\t\t<h1 class=\"elementor-heading-title elementor-size-default\">Saint-Malo activities and leisure<\/h1>\t\t\t\t<\/div>\n\t\t\t\t<\/div>\n\t\t\t\t<div class=\"elementor-element elementor-element-24206be2 hero-arrow elementor-view-default elementor-widget elementor-widget-icon\" data-id=\"24206be2\" data-element_type=\"widget\" data-e-type=\"widget\" data-widget_type=\"icon.default\">\n\t\t\t\t<div class=\"elementor-widget-container\">\n\t\t\t\t\t\t\t<div class=\"elementor-icon-wrapper\">\n\t\t\t<a class=\"elementor-icon\" href=\"#introduction\">\n\t\t\t<svg xmlns=\"http:\/\/www.w3.org\/2000\/svg\" width=\"15\" height=\"8\" viewbox=\"0 0 15 8\" fill=\"none\"><path d=\"M0.5 0.5L7.02174 7.02174L13.5435 0.5\" stroke=\"white\" stroke-linecap=\"round\"><\/path><\/svg>\t\t\t<\/a>\n\t\t<\/div>\n\t\t\t\t\t\t<\/div>\n\t\t\t\t<\/div>\n\t\t\t\t<\/div>\n\t\t\t\t\t<\/div>\n\t\t\t\t<\/div>\n\t\t<div class=\"elementor-element elementor-element-358c1808 restauration-section_rotisserie global-anim_img-upwards e-flex e-con-boxed e-con e-parent\" data-id=\"358c1808\" data-element_type=\"container\" data-e-type=\"container\" id=\"introduction\">\n\t\t\t\t\t<div class=\"e-con-inner\">\n\t\t<div class=\"elementor-element elementor-element-e990107 e-con-full e-flex e-con e-child\" data-id=\"e990107\" data-element_type=\"container\" data-e-type=\"container\">\n\t\t<div class=\"elementor-element elementor-element-2a8bda2b e-con-full e-flex e-con e-child\" data-id=\"2a8bda2b\" data-element_type=\"container\" data-e-type=\"container\">\n\t\t\t\t<div class=\"elementor-element elementor-element-652b762c elementor-widget elementor-widget-heading\" data-id=\"652b762c\" data-element_type=\"widget\" data-e-type=\"widget\" data-widget_type=\"heading.default\">\n\t\t\t\t<div class=\"elementor-widget-container\">\n\t\t\t\t\t<h2 class=\"elementor-heading-title elementor-size-default\">The Bay of Saint-Malo\n<\/h2>\t\t\t\t<\/div>\n\t\t\t\t<\/div>\n\t\t\t\t<div class=\"elementor-element elementor-element-6658289d elementor-widget elementor-widget-heading\" data-id=\"6658289d\" data-element_type=\"widget\" data-e-type=\"widget\" data-widget_type=\"heading.default\">\n\t\t\t\t<div class=\"elementor-widget-container\">\n\t\t\t\t\t<span class=\"elementor-heading-title elementor-size-default\">unique natural spectacle<\/span>\t\t\t\t<\/div>\n\t\t\t\t<\/div>\n\t\t\t\t<\/div>\n\t\t\t\t<div class=\"elementor-element elementor-element-f9a75d4 elementor-widget-divider--view-line elementor-widget elementor-widget-divider\" data-id=\"f9a75d4\" data-element_type=\"widget\" data-e-type=\"widget\" data-widget_type=\"divider.default\">\n\t\t\t\t<div class=\"elementor-widget-container\">\n\t\t\t\t\t\t\t<div class=\"elementor-divider\">\n\t\t\t<span class=\"elementor-divider-separator\">\n\t\t\t\t\t\t<\/span>\n\t\t<\/div>\n\t\t\t\t\t\t<\/div>\n\t\t\t\t<\/div>\n\t\t\t\t<div class=\"elementor-element elementor-element-399aad36 global-content-width elementor-widget elementor-widget-text-editor\" data-id=\"399aad36\" data-element_type=\"widget\" data-e-type=\"widget\" data-widget_type=\"text-editor.default\">\n\t\t\t\t<div class=\"elementor-widget-container\">\n\t\t\t\t\t\t\t\t\t<p>With some of the highest tides in Europe, the Bay of Saint-Malo unveils an ever-changing landscape. When the coefficient exceeds 100, the spectacle becomes grandiose: the sea withdraws far into the distance, making way for the foreshore, the kingdom of fishermen and those curious about the coastline.<\/p><p>\u00a0<\/p>\t\t\t\t\t\t\t\t<\/div>\n\t\t\t\t<\/div>\n\t\t\t\t<\/div>\n\t\t\t\t<div class=\"elementor-element elementor-element-1e1ac4fb elementor-widget__width-initial img img-upwards elementor-widget elementor-widget-image\" data-id=\"1e1ac4fb\" data-element_type=\"widget\" data-e-type=\"widget\" data-widget_type=\"image.default\">\n\t\t\t\t<div class=\"elementor-widget-container\">\n\t\t\t\t\t\t\t\t\t\t\t\t\t\t\t<img fetchpriority=\"high\" decoding=\"async\" width=\"2048\" height=\"1367\" src=\"https:\/\/www.ariniz.com\/wp-content\/uploads\/2026\/02\/activite-nautique-saint-malo-2.jpg\" class=\"attachment-full size-full wp-image-3218\" alt=\"\" srcset=\"https:\/\/www.ariniz.com\/wp-content\/uploads\/2026\/02\/activite-nautique-saint-malo-2.jpg 2048w, https:\/\/www.ariniz.com\/wp-content\/uploads\/2026\/02\/activite-nautique-saint-malo-2-300x200.jpg 300w, https:\/\/www.ariniz.com\/wp-content\/uploads\/2026\/02\/activite-nautique-saint-malo-2-1024x684.jpg 1024w, https:\/\/www.ariniz.com\/wp-content\/uploads\/2026\/02\/activite-nautique-saint-malo-2-768x513.jpg 768w, https:\/\/www.ariniz.com\/wp-content\/uploads\/2026\/02\/activite-nautique-saint-malo-2-1536x1025.jpg 1536w, https:\/\/www.ariniz.com\/wp-content\/uploads\/2026\/02\/activite-nautique-saint-malo-2-18x12.jpg 18w\" sizes=\"(max-width: 2048px) 100vw, 2048px\" title=\"\">\t\t\t\t\t\t\t\t\t\t\t\t\t\t\t<\/div>\n\t\t\t\t<\/div>\n\t\t\t\t\t<\/div>\n\t\t\t\t<\/div>\n\t\t<div class=\"elementor-element elementor-element-49250a7d restauration-section_creperie global-anim_img-upwards e-flex e-con-boxed e-con e-parent\" data-id=\"49250a7d\" data-element_type=\"container\" data-e-type=\"container\">\n\t\t\t\t\t<div class=\"e-con-inner\">\n\t\t\t\t<div class=\"elementor-element elementor-element-2a265d83 elementor-widget__width-initial img img-upwards elementor-widget elementor-widget-image\" data-id=\"2a265d83\" data-element_type=\"widget\" data-e-type=\"widget\" data-widget_type=\"image.default\">\n\t\t\t\t<div class=\"elementor-widget-container\">\n\t\t\t\t\t\t\t\t\t\t\t\t\t\t\t<img decoding=\"async\" width=\"2048\" height=\"1367\" src=\"https:\/\/www.ariniz.com\/wp-content\/uploads\/2026\/02\/activite-nautique-saint-malo-1.jpg\" class=\"attachment-full size-full wp-image-3219\" alt=\"\" srcset=\"https:\/\/www.ariniz.com\/wp-content\/uploads\/2026\/02\/activite-nautique-saint-malo-1.jpg 2048w, https:\/\/www.ariniz.com\/wp-content\/uploads\/2026\/02\/activite-nautique-saint-malo-1-300x200.jpg 300w, https:\/\/www.ariniz.com\/wp-content\/uploads\/2026\/02\/activite-nautique-saint-malo-1-1024x684.jpg 1024w, https:\/\/www.ariniz.com\/wp-content\/uploads\/2026\/02\/activite-nautique-saint-malo-1-768x513.jpg 768w, https:\/\/www.ariniz.com\/wp-content\/uploads\/2026\/02\/activite-nautique-saint-malo-1-1536x1025.jpg 1536w, https:\/\/www.ariniz.com\/wp-content\/uploads\/2026\/02\/activite-nautique-saint-malo-1-18x12.jpg 18w\" sizes=\"(max-width: 2048px) 100vw, 2048px\" title=\"\">\t\t\t\t\t\t\t\t\t\t\t\t\t\t\t<\/div>\n\t\t\t\t<\/div>\n\t\t<div class=\"elementor-element elementor-element-3408003c e-con-full e-flex e-con e-child\" data-id=\"3408003c\" data-element_type=\"container\" data-e-type=\"container\">\n\t\t<div class=\"elementor-element elementor-element-49f6c393 e-con-full e-flex e-con e-child\" data-id=\"49f6c393\" data-element_type=\"container\" data-e-type=\"container\">\n\t\t\t\t<div class=\"elementor-element elementor-element-67857150 elementor-widget elementor-widget-heading\" data-id=\"67857150\" data-element_type=\"widget\" data-e-type=\"widget\" data-widget_type=\"heading.default\">\n\t\t\t\t<div class=\"elementor-widget-container\">\n\t\t\t\t\t<h2 class=\"elementor-heading-title elementor-size-default\">Leisure activities<\/h2>\t\t\t\t<\/div>\n\t\t\t\t<\/div>\n\t\t\t\t<div class=\"elementor-element elementor-element-57b279f4 elementor-widget elementor-widget-heading\" data-id=\"57b279f4\" data-element_type=\"widget\" data-e-type=\"widget\" data-widget_type=\"heading.default\">\n\t\t\t\t<div class=\"elementor-widget-container\">\n\t\t\t\t\t<span class=\"elementor-heading-title elementor-size-default\">Life-size nautical playground\n<\/span>\t\t\t\t<\/div>\n\t\t\t\t<\/div>\n\t\t\t\t<\/div>\n\t\t\t\t<div class=\"elementor-element elementor-element-1f1d03d elementor-widget-divider--view-line elementor-widget elementor-widget-divider\" data-id=\"1f1d03d\" data-element_type=\"widget\" data-e-type=\"widget\" data-widget_type=\"divider.default\">\n\t\t\t\t<div class=\"elementor-widget-container\">\n\t\t\t\t\t\t\t<div class=\"elementor-divider\">\n\t\t\t<span class=\"elementor-divider-separator\">\n\t\t\t\t\t\t<\/span>\n\t\t<\/div>\n\t\t\t\t\t\t<\/div>\n\t\t\t\t<\/div>\n\t\t\t\t<div class=\"elementor-element elementor-element-9a50fb4 global-content-width elementor-widget elementor-widget-text-editor\" data-id=\"9a50fb4\" data-element_type=\"widget\" data-e-type=\"widget\" data-widget_type=\"text-editor.default\">\n\t\t\t\t<div class=\"elementor-widget-container\">\n\t\t\t\t\t\t\t\t\t<p>Between winds, waves and changing light, the bay is an invitation to all kinds of adventures: sailing, surfing, paddling, kitesurfing, kayaking or sand yachting. You'll meet passionate sailors, thrill-seekers and dreamers on board an old sailing ship. Here, the sea inspires freedom and energy.<\/p><p>\u00a0<\/p>\t\t\t\t\t\t\t\t<\/div>\n\t\t\t\t<\/div>\n\t\t\t\t<\/div>\n\t\t\t\t\t<\/div>\n\t\t\t\t<\/div>\n\t\t<div class=\"elementor-element elementor-element-5f03f59a e-flex e-con-boxed e-con e-parent\" data-id=\"5f03f59a\" data-element_type=\"container\" data-e-type=\"container\">\n\t\t\t\t\t<div class=\"e-con-inner\">\n\t\t<div class=\"elementor-element elementor-element-7d8957d9 e-con-full e-flex e-con e-child\" data-id=\"7d8957d9\" data-element_type=\"container\" data-e-type=\"container\">\n\t\t<div class=\"elementor-element elementor-element-304b0b47 e-con-full e-flex e-con e-child\" data-id=\"304b0b47\" data-element_type=\"container\" data-e-type=\"container\">\n\t\t\t\t<div class=\"elementor-element elementor-element-63e7fbbb elementor-widget elementor-widget-heading\" data-id=\"63e7fbbb\" data-element_type=\"widget\" data-e-type=\"widget\" data-widget_type=\"heading.default\">\n\t\t\t\t<div class=\"elementor-widget-container\">\n\t\t\t\t\t<span class=\"elementor-heading-title elementor-size-default\">Events<\/span>\t\t\t\t<\/div>\n\t\t\t\t<\/div>\n\t\t<a class=\"elementor-element elementor-element-11df2e18 e-con-full common-cta-container e-flex e-con e-child\" data-id=\"11df2e18\" data-element_type=\"container\" data-e-type=\"container\" href=\"https:\/\/www.ariniz.com\/en\/nos-evenements\/\">\n\t\t\t\t<div class=\"elementor-element elementor-element-847e994 common-cta-text elementor-widget elementor-widget-text-editor\" data-id=\"847e994\" data-element_type=\"widget\" data-e-type=\"widget\" data-widget_type=\"text-editor.default\">\n\t\t\t\t<div class=\"elementor-widget-container\">\n\t\t\t\t\t\t\t\t\t<p>Discover<\/p>\t\t\t\t\t\t\t\t<\/div>\n\t\t\t\t<\/div>\n\t\t\t\t<\/a>\n\t\t\t\t<\/div>\n\t\t\t\t<div class=\"elementor-element elementor-element-7dfb4283 elementor-widget__width-initial elementor-widget-mobile__width-initial elementor-widget elementor-widget-image\" data-id=\"7dfb4283\" data-element_type=\"widget\" data-e-type=\"widget\" data-widget_type=\"image.default\">\n\t\t\t\t<div class=\"elementor-widget-container\">\n\t\t\t\t\t\t\t\t\t\t\t\t\t\t\t<img decoding=\"async\" width=\"1365\" height=\"2048\" src=\"https:\/\/www.ariniz.com\/wp-content\/uploads\/2026\/02\/vin-terrasse-ar-iniz.jpg\" class=\"attachment-full size-full wp-image-3105\" alt=\"\" srcset=\"https:\/\/www.ariniz.com\/wp-content\/uploads\/2026\/02\/vin-terrasse-ar-iniz.jpg 1365w, https:\/\/www.ariniz.com\/wp-content\/uploads\/2026\/02\/vin-terrasse-ar-iniz-200x300.jpg 200w, https:\/\/www.ariniz.com\/wp-content\/uploads\/2026\/02\/vin-terrasse-ar-iniz-683x1024.jpg 683w, https:\/\/www.ariniz.com\/wp-content\/uploads\/2026\/02\/vin-terrasse-ar-iniz-768x1152.jpg 768w, https:\/\/www.ariniz.com\/wp-content\/uploads\/2026\/02\/vin-terrasse-ar-iniz-1024x1536.jpg 1024w, https:\/\/www.ariniz.com\/wp-content\/uploads\/2026\/02\/vin-terrasse-ar-iniz-8x12.jpg 8w\" sizes=\"(max-width: 1365px) 100vw, 1365px\" title=\"\">\t\t\t\t\t\t\t\t\t\t\t\t\t\t\t<\/div>\n\t\t\t\t<\/div>\n\t\t\t\t<\/div>\n\t\t<div class=\"elementor-element elementor-element-2d95e1a6 e-con-full e-flex e-con e-child\" data-id=\"2d95e1a6\" data-element_type=\"container\" data-e-type=\"container\">\n\t\t\t\t<div class=\"elementor-element elementor-element-21113f17 elementor-widget__width-initial elementor-widget elementor-widget-image\" data-id=\"21113f17\" data-element_type=\"widget\" data-e-type=\"widget\" data-widget_type=\"image.default\">\n\t\t\t\t<div class=\"elementor-widget-container\">\n\t\t\t\t\t\t\t\t\t\t\t\t\t\t\t<img loading=\"lazy\" decoding=\"async\" width=\"1365\" height=\"2048\" src=\"https:\/\/www.ariniz.com\/wp-content\/uploads\/2026\/02\/glace-terrasse-ar-iniz.jpg\" class=\"attachment-full size-full wp-image-3180\" alt=\"\" srcset=\"https:\/\/www.ariniz.com\/wp-content\/uploads\/2026\/02\/glace-terrasse-ar-iniz.jpg 1365w, https:\/\/www.ariniz.com\/wp-content\/uploads\/2026\/02\/glace-terrasse-ar-iniz-200x300.jpg 200w, https:\/\/www.ariniz.com\/wp-content\/uploads\/2026\/02\/glace-terrasse-ar-iniz-683x1024.jpg 683w, https:\/\/www.ariniz.com\/wp-content\/uploads\/2026\/02\/glace-terrasse-ar-iniz-768x1152.jpg 768w, https:\/\/www.ariniz.com\/wp-content\/uploads\/2026\/02\/glace-terrasse-ar-iniz-1024x1536.jpg 1024w, https:\/\/www.ariniz.com\/wp-content\/uploads\/2026\/02\/glace-terrasse-ar-iniz-8x12.jpg 8w\" sizes=\"(max-width: 1365px) 100vw, 1365px\" title=\"\">\t\t\t\t\t\t\t\t\t\t\t\t\t\t\t<\/div>\n\t\t\t\t<\/div>\n\t\t<div class=\"elementor-element elementor-element-2d4c23b9 e-con-full e-flex e-con e-child\" data-id=\"2d4c23b9\" data-element_type=\"container\" data-e-type=\"container\">\n\t\t\t\t<div class=\"elementor-element elementor-element-8abe363 elementor-widget elementor-widget-heading\" data-id=\"8abe363\" data-element_type=\"widget\" data-e-type=\"widget\" data-widget_type=\"heading.default\">\n\t\t\t\t<div class=\"elementor-widget-container\">\n\t\t\t\t\t<span class=\"elementor-heading-title elementor-size-default\">Cabanon<\/span>\t\t\t\t<\/div>\n\t\t\t\t<\/div>\n\t\t<a class=\"elementor-element elementor-element-3c5ef300 e-con-full common-cta-container e-flex e-con e-child\" data-id=\"3c5ef300\" data-element_type=\"container\" data-e-type=\"container\" href=\"https:\/\/www.ariniz.com\/en\/bar-le-cabanon\/\">\n\t\t\t\t<div class=\"elementor-element elementor-element-5331c2ac common-cta-text elementor-widget elementor-widget-text-editor\" data-id=\"5331c2ac\" data-element_type=\"widget\" data-e-type=\"widget\" data-widget_type=\"text-editor.default\">\n\t\t\t\t<div class=\"elementor-widget-container\">\n\t\t\t\t\t\t\t\t\t<p>Discover<\/p>\t\t\t\t\t\t\t\t<\/div>\n\t\t\t\t<\/div>\n\t\t\t\t<\/a>\n\t\t\t\t<\/div>\n\t\t\t\t<\/div>\n\t\t<div class=\"elementor-element elementor-element-187c96c1 e-con-full e-flex e-con e-child\" data-id=\"187c96c1\" data-element_type=\"container\" data-e-type=\"container\">\n\t\t<div class=\"elementor-element elementor-element-4d8e38ac e-con-full e-flex e-con e-child\" data-id=\"4d8e38ac\" data-element_type=\"container\" data-e-type=\"container\">\n\t\t\t\t<div class=\"elementor-element elementor-element-751ef978 elementor-widget elementor-widget-heading\" data-id=\"751ef978\" data-element_type=\"widget\" data-e-type=\"widget\" data-widget_type=\"heading.default\">\n\t\t\t\t<div class=\"elementor-widget-container\">\n\t\t\t\t\t<span class=\"elementor-heading-title elementor-size-default\">Rooms<\/span>\t\t\t\t<\/div>\n\t\t\t\t<\/div>\n\t\t<a class=\"elementor-element elementor-element-411d62ab e-con-full common-cta-container e-flex e-con e-child\" data-id=\"411d62ab\" data-element_type=\"container\" data-e-type=\"container\" href=\"https:\/\/www.ariniz.com\/en\/chambres\/\">\n\t\t\t\t<div class=\"elementor-element elementor-element-14f52553 common-cta-text elementor-widget elementor-widget-text-editor\" data-id=\"14f52553\" data-element_type=\"widget\" data-e-type=\"widget\" data-widget_type=\"text-editor.default\">\n\t\t\t\t<div class=\"elementor-widget-container\">\n\t\t\t\t\t\t\t\t\t<p>Discover<\/p>\t\t\t\t\t\t\t\t<\/div>\n\t\t\t\t<\/div>\n\t\t\t\t<\/a>\n\t\t\t\t<\/div>\n\t\t\t\t<div class=\"elementor-element elementor-element-16360440 elementor-widget__width-initial elementor-widget elementor-widget-image\" data-id=\"16360440\" data-element_type=\"widget\" data-e-type=\"widget\" data-widget_type=\"image.default\">\n\t\t\t\t<div class=\"elementor-widget-container\">\n\t\t\t\t\t\t\t\t\t\t\t\t\t\t\t<img loading=\"lazy\" decoding=\"async\" width=\"1365\" height=\"2048\" src=\"https:\/\/www.ariniz.com\/wp-content\/uploads\/2026\/02\/lit-simple-ar-iniz.jpg\" class=\"attachment-full size-full wp-image-3128\" alt=\"\" srcset=\"https:\/\/www.ariniz.com\/wp-content\/uploads\/2026\/02\/lit-simple-ar-iniz.jpg 1365w, https:\/\/www.ariniz.com\/wp-content\/uploads\/2026\/02\/lit-simple-ar-iniz-200x300.jpg 200w, https:\/\/www.ariniz.com\/wp-content\/uploads\/2026\/02\/lit-simple-ar-iniz-683x1024.jpg 683w, https:\/\/www.ariniz.com\/wp-content\/uploads\/2026\/02\/lit-simple-ar-iniz-768x1152.jpg 768w, https:\/\/www.ariniz.com\/wp-content\/uploads\/2026\/02\/lit-simple-ar-iniz-1024x1536.jpg 1024w, https:\/\/www.ariniz.com\/wp-content\/uploads\/2026\/02\/lit-simple-ar-iniz-8x12.jpg 8w\" sizes=\"(max-width: 1365px) 100vw, 1365px\" title=\"\">\t\t\t\t\t\t\t\t\t\t\t\t\t\t\t<\/div>\n\t\t\t\t<\/div>\n\t\t\t\t<\/div>\n\t\t\t\t\t<\/div>\n\t\t\t\t<\/div>\n\t\t\t\t<\/div>","protected":false},"excerpt":{"rendered":"<p>Activit\u00e9s nautiques Saint-Malo activit\u00e9s et loisirs La baie de Saint-Malo spectacle naturel unique Au rythme des mar\u00e9es parmi les plus fortes d\u2019Europe, la baie de Saint-Malo d\u00e9voile un paysage sans cesse renouvel\u00e9. Quand le coefficient d\u00e9passe 100, le spectacle devient grandiose : la mer se retire loin, laissant place \u00e0 l\u2019estran, royaume des p\u00eacheurs \u00e0 [&hellip;]<\/p>\n","protected":false},"author":13,"featured_media":0,"parent":257,"menu_order":0,"comment_status":"closed","ping_status":"closed","template":"","meta":{"_acf_changed":false,"inline_featured_image":false,"footnotes":""},"class_list":["post-1346","page","type-page","status-publish","hentry"],"acf":[],"_links":{"self":[{"href":"https:\/\/www.ariniz.com\/en\/wp-json\/wp\/v2\/pages\/1346","targetHints":{"allow":["GET"]}}],"collection":[{"href":"https:\/\/www.ariniz.com\/en\/wp-json\/wp\/v2\/pages"}],"about":[{"href":"https:\/\/www.ariniz.com\/en\/wp-json\/wp\/v2\/types\/page"}],"author":[{"embeddable":true,"href":"https:\/\/www.ariniz.com\/en\/wp-json\/wp\/v2\/users\/13"}],"replies":[{"embeddable":true,"href":"https:\/\/www.ariniz.com\/en\/wp-json\/wp\/v2\/comments?post=1346"}],"version-history":[{"count":47,"href":"https:\/\/www.ariniz.com\/en\/wp-json\/wp\/v2\/pages\/1346\/revisions"}],"predecessor-version":[{"id":3511,"href":"https:\/\/www.ariniz.com\/en\/wp-json\/wp\/v2\/pages\/1346\/revisions\/3511"}],"up":[{"embeddable":true,"href":"https:\/\/www.ariniz.com\/en\/wp-json\/wp\/v2\/pages\/257"}],"wp:attachment":[{"href":"https:\/\/www.ariniz.com\/en\/wp-json\/wp\/v2\/media?parent=1346"}],"curies":[{"name":"wp","href":"https:\/\/api.w.org\/{rel}","templated":true}]}}